{"id":2032,"date":"2024-01-27T11:33:16","date_gmt":"2024-01-27T10:33:16","guid":{"rendered":"http:\/\/192.168.0.200:8888\/accomplie\/dr-alexander-juengling-ll-m-chicago\/"},"modified":"2024-11-22T20:02:07","modified_gmt":"2024-11-22T19:02:07","slug":"dr-alexander-juengling-ll-m-chicago","status":"publish","type":"page","link":"https:\/\/www.accomplie.com\/en\/dr-alexander-juengling-ll-m-chicago\/","title":{"rendered":"Dr. Alexander J\u00fcngling LL.M. (Chicago)"},"content":{"rendered":"<p><div class=\"fusion-fullwidth fullwidth-box fusion-builder-row-1 fusion-flex-container has-pattern-background has-mask-background hundred-percent-fullwidth non-hundred-percent-height-scrolling\" style=\"--awb-border-radius-top-left:0px;--awb-border-radius-top-right:0px;--awb-border-radius-bottom-right:0px;--awb-border-radius-bottom-left:0px;--awb-margin-top:60px;--awb-margin-bottom:60px;--awb-background-color:var(--awb-color1);--awb-flex-wrap:wrap;\" ><div class=\"fusion-builder-row fusion-row fusion-flex-align-items-flex-start fusion-flex-content-wrap\" style=\"width:104% !important;max-width:104% !important;margin-left: calc(-4% \/ 2 );margin-right: calc(-4% \/ 2 );\"><div class=\"fusion-layout-column fusion_builder_column fusion-builder-column-0 fusion_builder_column_1_3 1_3 fusion-flex-column\" style=\"--awb-bg-size:cover;--awb-width-large:33.333333333333%;--awb-margin-top-large:0px;--awb-spacing-right-large:5.76%;--awb-margin-bottom-large:20px;--awb-spacing-left-large:5.76%;--awb-width-medium:33.333333333333%;--awb-order-medium:0;--awb-spacing-right-medium:5.76%;--awb-spacing-left-medium:5.76%;--awb-width-small:100%;--awb-order-small:0;--awb-spacing-right-small:1.92%;--awb-spacing-left-small:1.92%;\"><div class=\"fusion-column-wrapper fusion-column-has-shadow fusion-flex-justify-content-flex-start fusion-content-layout-column\"><div class=\"fusion-image-element \" style=\"--awb-caption-title-font-family:var(--h2_typography-font-family);--awb-caption-title-font-weight:var(--h2_typography-font-weight);--awb-caption-title-font-style:var(--h2_typography-font-style);--awb-caption-title-size:var(--h2_typography-font-size);--awb-caption-title-transform:var(--h2_typography-text-transform);--awb-caption-title-line-height:var(--h2_typography-line-height);--awb-caption-title-letter-spacing:var(--h2_typography-letter-spacing);\"><span class=\" fusion-imageframe imageframe-none imageframe-1 hover-type-none\"><img decoding=\"async\" width=\"738\" height=\"986\" title=\"portrait-alexander-juengling\" src=\"https:\/\/www.accomplie.com\/wp-content\/uploads\/2023\/09\/portrait-alexander-juengling.jpg\" alt class=\"img-responsive wp-image-1039\" srcset=\"https:\/\/www.accomplie.com\/wp-content\/uploads\/2023\/09\/portrait-alexander-juengling-200x267.jpg 200w, https:\/\/www.accomplie.com\/wp-content\/uploads\/2023\/09\/portrait-alexander-juengling-400x534.jpg 400w, https:\/\/www.accomplie.com\/wp-content\/uploads\/2023\/09\/portrait-alexander-juengling-600x802.jpg 600w, https:\/\/www.accomplie.com\/wp-content\/uploads\/2023\/09\/portrait-alexander-juengling.jpg 738w\" sizes=\"(max-width: 800px) 100vw, 600px\" \/><\/span><\/div><\/div><\/div><div class=\"fusion-layout-column fusion_builder_column fusion-builder-column-1 fusion_builder_column_2_3 2_3 fusion-flex-column\" style=\"--awb-bg-size:cover;--awb-width-large:66.666666666667%;--awb-margin-top-large:0px;--awb-spacing-right-large:2.88%;--awb-margin-bottom-large:20px;--awb-spacing-left-large:2.88%;--awb-width-medium:66.666666666667%;--awb-order-medium:0;--awb-spacing-right-medium:2.88%;--awb-spacing-left-medium:2.88%;--awb-width-small:100%;--awb-order-small:0;--awb-spacing-right-small:1.92%;--awb-spacing-left-small:1.92%;\"><div class=\"fusion-column-wrapper fusion-column-has-shadow fusion-flex-justify-content-flex-start fusion-content-layout-column\"><div class=\"fusion-title title fusion-title-1 fusion-sep-none fusion-title-text fusion-title-size-one\" style=\"--awb-text-color:var(--awb-custom_color_3);--awb-margin-top:0px;--awb-margin-bottom:7px;--awb-font-size:28px;\"><h1 class=\"fusion-title-heading title-heading-left\" style=\"margin:0;font-size:1em;\">Dr. Alexander J\u00fcngling LL.M. (Chicago)<\/h1><\/div><div class=\"fusion-text fusion-text-1\" style=\"--awb-text-color:var(--awb-custom_color_6);\"><p>Owner and Attorney<\/p>\n<\/div><div class=\"fusion-text fusion-text-2 awb-text-cols fusion-text-columns-2 fusion-text-no-margin accomplie-textblock-2-columns\" style=\"--awb-text-color:var(--awb-custom_color_3);--awb-columns:2;--awb-column-spacing:2em;--awb-column-min-width:400px;--awb-margin-bottom:50px;\"><p>Alexander J\u00fcngling is an attorney admitted to the Berlin bar and advises companies on issues around corporate governance, ethical management and compliance, as well as board and director liability. His legal advice focuses on the areas of anti-corruption, compliance in the healthcare sector, data protection, antitrust law, money laundering and export controls. In addition, he is an expert for sustainability and on the legal and ethical aspects of artificial intelligence.<\/p>\n<p>Through his many years of experience as a consultant with McKinsey &amp; Co, Inc. and as attorney with WilmerHale LLP, and as Chief Compliance Officer and Data Privacy Officer in two international groups, Alexander has especially wide-ranging experience in advising executive boards and in the design and implementation of internal risk analyses, guidelines and policies, organisations and processes.<\/p>\n<p>He also has comprehensive knowledge and skills around internal and external national and international investigations of all sizes and involving an enormous range of issues, as well as around representing companies before authorities (including with regard to US monitorships). Alexander is active in a number of chief compliance officer forums, was for many years deputy head of the compliance group within the German Association of In-house Lawyers (BUJ), and is a founding member of the German Institute for Compliance (DICO). He is a lecturer at the Free University of Berlin, a sought-after speaker and publishes on various compliance topics.<\/p>\n<p>Alexander J\u00fcngling is certified to the highest level \u00dc3 of the German Security Inspection Act (S\u00dcG). This authorises him to obtain access to classified information at TOP SECRET level.<\/p>\n<p>Alexander J\u00fcngling is a Sustainability Professional certified by the Global Reporting Initiative (GRI) and speaks German, English, and French. He is a father of three sons and enjoys playing percussion on every rare opportunity.<\/p>\n<\/div><div class=\"fusion-text fusion-text-3 accomplie-personal-contact-data-box\"><p>Dr. Alexander J\u00fcngling LL.M. (University of Chicago)<br \/>\nE: <a href=\"mailto:alexander.juengling@accomplie.com\">alexander.juengling@accomplie.com<\/a><br \/>\nT: <a href=\"tel:+493054035752\">+49 3054035752<\/a><br \/>\nF: +49 30 13880938<\/p>\n<p><a href=\"https:\/\/www.accomplie.com\/wp-content\/uploads\/2024\/06\/Dr-Alexander-Juengling-LL-M-Chicago-EN.vcf\">Digital Business Card<\/a><\/p>\n<p><img decoding=\"async\" class=\"alignright wp-image-2658\" src=\"https:\/\/www.accomplie.com\/wp-content\/uploads\/2024\/07\/6f4d0358-e169-4617-8edf-63fe8bbb5441.png\" alt=\"\" width=\"172\" height=\"172\" \/><\/p>\n<\/div><div ><a class=\"fusion-button button-flat fusion-button-default-size button-custom fusion-button-default button-1 fusion-button-default-span fusion-button-default-type accomplie-button-link-1\" style=\"--button_accent_color:var(--awb-custom_color_3);--button_accent_hover_color:var(--awb-color1);--button_border_hover_color:var(--awb-color1);--button_border_width-top:0;--button_border_width-right:0;--button_border_width-bottom:0;--button_border_width-left:0;--button_gradient_top_color:var(--awb-color1);--button_gradient_bottom_color:var(--awb-color1);--button_gradient_top_color_hover:hsla(var(--awb-color5-h),calc(var(--awb-color5-s) - 5%),calc(var(--awb-color5-l) - 10%),var(--awb-color5-a));--button_gradient_bottom_color_hover:hsla(var(--awb-color5-h),calc(var(--awb-color5-s) - 5%),calc(var(--awb-color5-l) - 10%),var(--awb-color5-a));--button_font_size:22px;--button_padding-top:0px;--button_padding-right:0px;--button_padding-bottom:0px;--button_padding-left:0px;--button_typography-font-family:&quot;Montserrat v25 regular&quot;;--button_typography-font-style:normal;--button_typography-font-weight:400;--button_margin-top:20px;--button_margin-bottom:50px;\" target=\"_self\" href=\"https:\/\/www.accomplie.com\/en\/team\/\"><i class=\"fa-caret-left fas button-icon-left\" aria-hidden=\"true\"><\/i><span class=\"fusion-button-text\">Team<\/span><\/a><\/div><\/div><\/div><\/div><\/div><div class=\"fusion-fullwidth fullwidth-box fusion-builder-row-2 fusion-flex-container has-pattern-background has-mask-background fusion-parallax-fixed nonhundred-percent-fullwidth non-hundred-percent-height-scrolling fusion-custom-z-index\" style=\"--awb-background-position:left top;--awb-border-radius-top-left:0px;--awb-border-radius-top-right:0px;--awb-border-radius-bottom-right:0px;--awb-border-radius-bottom-left:0px;--awb-z-index:555555555555555;--awb-margin-top:0px;--awb-margin-bottom:0px;--awb-background-color:var(--awb-color1);--awb-background-image:url(&quot;https:\/\/www.accomplie.com\/wp-content\/uploads\/2023\/09\/banner.jpg&quot;);--awb-background-size:cover;--awb-flex-wrap:wrap;background-attachment:fixed;\" ><div class=\"fusion-builder-row fusion-row fusion-flex-align-items-flex-start fusion-flex-content-wrap\" style=\"max-width:1872px;margin-left: calc(-4% \/ 2 );margin-right: calc(-4% \/ 2 );\"><div class=\"fusion-layout-column fusion_builder_column fusion-builder-column-2 fusion_builder_column_1_1 1_1 fusion-flex-column\" style=\"--awb-padding-top:30px;--awb-padding-right:30px;--awb-padding-bottom:30px;--awb-padding-left:30px;--awb-padding-right-small:0px;--awb-padding-left-small:0px;--awb-bg-size:cover;--awb-width-large:100%;--awb-margin-top-large:0px;--awb-spacing-right-large:0;--awb-margin-bottom-large:0px;--awb-spacing-left-large:0;--awb-width-medium:100%;--awb-order-medium:0;--awb-spacing-right-medium:0;--awb-spacing-left-medium:0;--awb-width-small:100%;--awb-order-small:0;--awb-spacing-right-small:1.92%;--awb-spacing-left-small:1.92%;\" data-motion-effects=\"[{&quot;type&quot;:&quot;&quot;,&quot;scroll_type&quot;:&quot;transition&quot;,&quot;scroll_direction&quot;:&quot;up&quot;,&quot;transition_speed&quot;:&quot;1&quot;,&quot;fade_type&quot;:&quot;in&quot;,&quot;scale_type&quot;:&quot;up&quot;,&quot;initial_scale&quot;:&quot;1&quot;,&quot;max_scale&quot;:&quot;1.5&quot;,&quot;min_scale&quot;:&quot;0.5&quot;,&quot;initial_rotate&quot;:&quot;0&quot;,&quot;end_rotate&quot;:&quot;30&quot;,&quot;initial_blur&quot;:&quot;0&quot;,&quot;end_blur&quot;:&quot;3&quot;,&quot;start_element&quot;:&quot;top&quot;,&quot;start_viewport&quot;:&quot;bottom&quot;,&quot;end_element&quot;:&quot;bottom&quot;,&quot;end_viewport&quot;:&quot;top&quot;,&quot;mouse_effect&quot;:&quot;track&quot;,&quot;mouse_effect_direction&quot;:&quot;opposite&quot;,&quot;mouse_effect_speed&quot;:&quot;2&quot;,&quot;infinite_animation&quot;:&quot;float&quot;,&quot;infinite_animation_speed&quot;:&quot;2&quot;}]\" data-scroll-devices=\"small-visibility,medium-visibility,large-visibility\"><div class=\"fusion-column-wrapper fusion-column-has-shadow fusion-flex-justify-content-flex-start fusion-content-layout-column\"><div class=\"fusion-image-element \" style=\"--awb-max-width:247px;--awb-caption-title-font-family:var(--h2_typography-font-family);--awb-caption-title-font-weight:var(--h2_typography-font-weight);--awb-caption-title-font-style:var(--h2_typography-font-style);--awb-caption-title-size:var(--h2_typography-font-size);--awb-caption-title-transform:var(--h2_typography-text-transform);--awb-caption-title-line-height:var(--h2_typography-line-height);--awb-caption-title-letter-spacing:var(--h2_typography-letter-spacing);\"><span class=\" fusion-imageframe imageframe-none imageframe-2 hover-type-none accomplie-banner-logo\"><img decoding=\"async\" width=\"400\" height=\"56\" title=\"accomplie-logo\" src=\"https:\/\/www.accomplie.com\/wp-content\/uploads\/2024\/01\/accomplie-logo.svg\" alt class=\"img-responsive wp-image-1418\"\/><\/span><\/div><\/div><\/div><\/div><\/div>\n<div class=\"fusion-fullwidth fullwidth-box fusion-builder-row-3 fusion-flex-container has-pattern-background has-mask-background fusion-parallax-none call-to-action-row nonhundred-percent-fullwidth non-hundred-percent-height-scrolling fusion-custom-z-index\" style=\"--awb-background-position:left top;--awb-background-repeat:repeat;--awb-border-radius-top-left:0px;--awb-border-radius-top-right:0px;--awb-border-radius-bottom-right:0px;--awb-border-radius-bottom-left:0px;--awb-z-index:555555555555555;--awb-padding-right-small:0px;--awb-padding-left-small:0px;--awb-margin-top:0px;--awb-margin-bottom:0px;--awb-background-image:url(&quot;https:\/\/www.accomplie.com\/wp-content\/uploads\/2023\/09\/ornamental-graphic-bg.jpg&quot;);--awb-flex-wrap:wrap;\" ><div class=\"fusion-builder-row fusion-row fusion-flex-align-items-flex-start fusion-flex-content-wrap\" style=\"max-width:1872px;margin-left: calc(-4% \/ 2 );margin-right: calc(-4% \/ 2 );\"><div class=\"fusion-layout-column fusion_builder_column fusion-builder-column-3 fusion_builder_column_1_1 1_1 fusion-flex-column\" style=\"--awb-padding-top:15px;--awb-padding-right:30px;--awb-padding-bottom:15px;--awb-padding-left:30px;--awb-bg-size:cover;--awb-width-large:100%;--awb-margin-top-large:0px;--awb-spacing-right-large:0;--awb-margin-bottom-large:0px;--awb-spacing-left-large:0;--awb-width-medium:100%;--awb-order-medium:0;--awb-spacing-right-medium:0;--awb-spacing-left-medium:0;--awb-width-small:100%;--awb-order-small:0;--awb-spacing-right-small:1.92%;--awb-spacing-left-small:1.92%;\" data-motion-effects=\"[{&quot;type&quot;:&quot;&quot;,&quot;scroll_type&quot;:&quot;transition&quot;,&quot;scroll_direction&quot;:&quot;up&quot;,&quot;transition_speed&quot;:&quot;1&quot;,&quot;fade_type&quot;:&quot;in&quot;,&quot;scale_type&quot;:&quot;up&quot;,&quot;initial_scale&quot;:&quot;1&quot;,&quot;max_scale&quot;:&quot;1.5&quot;,&quot;min_scale&quot;:&quot;0.5&quot;,&quot;initial_rotate&quot;:&quot;0&quot;,&quot;end_rotate&quot;:&quot;30&quot;,&quot;initial_blur&quot;:&quot;0&quot;,&quot;end_blur&quot;:&quot;3&quot;,&quot;start_element&quot;:&quot;top&quot;,&quot;start_viewport&quot;:&quot;bottom&quot;,&quot;end_element&quot;:&quot;bottom&quot;,&quot;end_viewport&quot;:&quot;top&quot;,&quot;mouse_effect&quot;:&quot;track&quot;,&quot;mouse_effect_direction&quot;:&quot;opposite&quot;,&quot;mouse_effect_speed&quot;:&quot;2&quot;,&quot;infinite_animation&quot;:&quot;float&quot;,&quot;infinite_animation_speed&quot;:&quot;2&quot;}]\" data-scroll-devices=\"small-visibility,medium-visibility,large-visibility\"><div class=\"fusion-column-wrapper fusion-column-has-shadow fusion-flex-justify-content-flex-start fusion-content-layout-column\"><div class=\"fusion-text fusion-text-4 fusion-text-no-margin\" style=\"--awb-font-size:33px;--awb-line-height:1.05em;--awb-text-color:#0f2a3f;--awb-margin-bottom:20px;--awb-text-font-family:&quot;Montserrat v25 regular&quot;;--awb-text-font-style:normal;--awb-text-font-weight:400;\"><p>Need expert support?<\/p>\n<\/div><div ><a class=\"fusion-button button-flat fusion-button-default-size button-custom fusion-button-default button-2 fusion-button-default-span fusion-button-default-type button_contact\" style=\"--button_accent_color:var(--awb-custom_color_4);--button_accent_hover_color:var(--awb-color1);--button_border_hover_color:var(--awb-color1);--button-border-radius-top-left:0;--button-border-radius-top-right:0;--button-border-radius-bottom-right:0;--button-border-radius-bottom-left:0;--button_gradient_top_color:var(--awb-color1);--button_gradient_bottom_color:var(--awb-color1);--button_gradient_top_color_hover:hsla(var(--awb-color5-h),calc(var(--awb-color5-s) - 5%),calc(var(--awb-color5-l) - 10%),var(--awb-color5-a));--button_gradient_bottom_color_hover:hsla(var(--awb-color5-h),calc(var(--awb-color5-s) - 5%),calc(var(--awb-color5-l) - 10%),var(--awb-color5-a));--button_font_size:18px;--button_padding-top:10px;--button_padding-right:12px;--button_padding-bottom:10px;--button_padding-left:12px;--button_typography-font-family:&quot;Montserrat v25 regular&quot;;--button_typography-font-style:normal;--button_typography-font-weight:400;--button_margin-bottom:10px;\" target=\"_self\" href=\"https:\/\/www.accomplie.com\/en\/contact\/\"><span class=\"fusion-button-text\">Contact us<\/span><\/a><\/div><\/div><\/div><\/div><\/div>\n<\/p>\n","protected":false},"excerpt":{"rendered":"","protected":false},"author":3,"featured_media":0,"parent":0,"menu_order":0,"comment_status":"closed","ping_status":"closed","template":"100-width.php","meta":{"footnotes":""},"class_list":["post-2032","page","type-page","status-publish","hentry"],"yoast_head":"<!-- This site is optimized with the Yoast SEO plugin v27.5 - https:\/\/yoast.com\/product\/yoast-seo-wordpress\/ -->\n<title>Dr. Alexander J\u00fcngling LL.M. (Chicago) - Accomplie<\/title>\n<meta name=\"description\" content=\"Alexander J\u00fcngling is an attorney admitted to the Berlin bar and advises companies on issues around corporate governance, ethical management and compliance, as well as board and director liability.\" \/>\n<meta name=\"robots\" content=\"index, follow, max-snippet:-1, max-image-preview:large, max-video-preview:-1\" \/>\n<link rel=\"canonical\" href=\"https:\/\/www.accomplie.com\/en\/dr-alexander-juengling-ll-m-chicago\/\" \/>\n<meta property=\"og:locale\" content=\"en_US\" \/>\n<meta property=\"og:type\" content=\"article\" \/>\n<meta property=\"og:title\" content=\"Dr. Alexander J\u00fcngling LL.M. (Chicago) - Accomplie\" \/>\n<meta property=\"og:description\" content=\"Alexander J\u00fcngling is an attorney admitted to the Berlin bar and advises companies on issues around corporate governance, ethical management and compliance, as well as board and director liability.\" \/>\n<meta property=\"og:url\" content=\"https:\/\/www.accomplie.com\/en\/dr-alexander-juengling-ll-m-chicago\/\" \/>\n<meta property=\"og:site_name\" content=\"Accomplie\" \/>\n<meta property=\"article:modified_time\" content=\"2024-11-22T19:02:07+00:00\" \/>\n<meta property=\"og:image\" content=\"https:\/\/www.accomplie.com\/wp-content\/uploads\/2024\/07\/6f4d0358-e169-4617-8edf-63fe8bbb5441.png\" \/>\n<meta name=\"twitter:card\" content=\"summary_large_image\" \/>\n<meta name=\"twitter:label1\" content=\"Est. reading time\" \/>\n\t<meta name=\"twitter:data1\" content=\"3 minutes\" \/>\n<script type=\"application\/ld+json\" class=\"yoast-schema-graph\">{\"@context\":\"https:\\\/\\\/schema.org\",\"@graph\":[{\"@type\":\"WebPage\",\"@id\":\"https:\\\/\\\/www.accomplie.com\\\/en\\\/dr-alexander-juengling-ll-m-chicago\\\/\",\"url\":\"https:\\\/\\\/www.accomplie.com\\\/en\\\/dr-alexander-juengling-ll-m-chicago\\\/\",\"name\":\"Dr. Alexander J\u00fcngling LL.M. (Chicago) - Accomplie\",\"isPartOf\":{\"@id\":\"https:\\\/\\\/www.accomplie.com\\\/en\\\/#website\"},\"primaryImageOfPage\":{\"@id\":\"https:\\\/\\\/www.accomplie.com\\\/en\\\/dr-alexander-juengling-ll-m-chicago\\\/#primaryimage\"},\"image\":{\"@id\":\"https:\\\/\\\/www.accomplie.com\\\/en\\\/dr-alexander-juengling-ll-m-chicago\\\/#primaryimage\"},\"thumbnailUrl\":\"https:\\\/\\\/www.accomplie.com\\\/wp-content\\\/uploads\\\/2024\\\/07\\\/6f4d0358-e169-4617-8edf-63fe8bbb5441.png\",\"datePublished\":\"2024-01-27T10:33:16+00:00\",\"dateModified\":\"2024-11-22T19:02:07+00:00\",\"description\":\"Alexander J\u00fcngling is an attorney admitted to the Berlin bar and advises companies on issues around corporate governance, ethical management and compliance, as well as board and director liability.\",\"breadcrumb\":{\"@id\":\"https:\\\/\\\/www.accomplie.com\\\/en\\\/dr-alexander-juengling-ll-m-chicago\\\/#breadcrumb\"},\"inLanguage\":\"en-US\",\"potentialAction\":[{\"@type\":\"ReadAction\",\"target\":[\"https:\\\/\\\/www.accomplie.com\\\/en\\\/dr-alexander-juengling-ll-m-chicago\\\/\"]}]},{\"@type\":\"ImageObject\",\"inLanguage\":\"en-US\",\"@id\":\"https:\\\/\\\/www.accomplie.com\\\/en\\\/dr-alexander-juengling-ll-m-chicago\\\/#primaryimage\",\"url\":\"https:\\\/\\\/www.accomplie.com\\\/wp-content\\\/uploads\\\/2024\\\/07\\\/6f4d0358-e169-4617-8edf-63fe8bbb5441.png\",\"contentUrl\":\"https:\\\/\\\/www.accomplie.com\\\/wp-content\\\/uploads\\\/2024\\\/07\\\/6f4d0358-e169-4617-8edf-63fe8bbb5441.png\"},{\"@type\":\"BreadcrumbList\",\"@id\":\"https:\\\/\\\/www.accomplie.com\\\/en\\\/dr-alexander-juengling-ll-m-chicago\\\/#breadcrumb\",\"itemListElement\":[{\"@type\":\"ListItem\",\"position\":1,\"name\":\"Startseite\",\"item\":\"https:\\\/\\\/www.accomplie.com\\\/en\\\/home\\\/\"},{\"@type\":\"ListItem\",\"position\":2,\"name\":\"Dr. Alexander J\u00fcngling LL.M. (Chicago)\"}]},{\"@type\":\"WebSite\",\"@id\":\"https:\\\/\\\/www.accomplie.com\\\/en\\\/#website\",\"url\":\"https:\\\/\\\/www.accomplie.com\\\/en\\\/\",\"name\":\"Accomplie\",\"description\":\"Compliance | Sustainability\",\"publisher\":{\"@id\":\"https:\\\/\\\/www.accomplie.com\\\/en\\\/#organization\"},\"potentialAction\":[{\"@type\":\"SearchAction\",\"target\":{\"@type\":\"EntryPoint\",\"urlTemplate\":\"https:\\\/\\\/www.accomplie.com\\\/en\\\/?s={search_term_string}\"},\"query-input\":{\"@type\":\"PropertyValueSpecification\",\"valueRequired\":true,\"valueName\":\"search_term_string\"}}],\"inLanguage\":\"en-US\"},{\"@type\":\"Organization\",\"@id\":\"https:\\\/\\\/www.accomplie.com\\\/en\\\/#organization\",\"name\":\"Accomplie\",\"url\":\"https:\\\/\\\/www.accomplie.com\\\/en\\\/\",\"logo\":{\"@type\":\"ImageObject\",\"inLanguage\":\"en-US\",\"@id\":\"https:\\\/\\\/www.accomplie.com\\\/en\\\/#\\\/schema\\\/logo\\\/image\\\/\",\"url\":\"https:\\\/\\\/www.accomplie.com\\\/wp-content\\\/uploads\\\/2024\\\/01\\\/accomplie-logo.svg\",\"contentUrl\":\"https:\\\/\\\/www.accomplie.com\\\/wp-content\\\/uploads\\\/2024\\\/01\\\/accomplie-logo.svg\",\"width\":400,\"height\":56,\"caption\":\"Accomplie\"},\"image\":{\"@id\":\"https:\\\/\\\/www.accomplie.com\\\/en\\\/#\\\/schema\\\/logo\\\/image\\\/\"}}]}<\/script>\n<!-- \/ Yoast SEO plugin. -->","yoast_head_json":{"title":"Dr. Alexander J\u00fcngling LL.M. (Chicago) - Accomplie","description":"Alexander J\u00fcngling is an attorney admitted to the Berlin bar and advises companies on issues around corporate governance, ethical management and compliance, as well as board and director liability.","robots":{"index":"index","follow":"follow","max-snippet":"max-snippet:-1","max-image-preview":"max-image-preview:large","max-video-preview":"max-video-preview:-1"},"canonical":"https:\/\/www.accomplie.com\/en\/dr-alexander-juengling-ll-m-chicago\/","og_locale":"en_US","og_type":"article","og_title":"Dr. Alexander J\u00fcngling LL.M. (Chicago) - Accomplie","og_description":"Alexander J\u00fcngling is an attorney admitted to the Berlin bar and advises companies on issues around corporate governance, ethical management and compliance, as well as board and director liability.","og_url":"https:\/\/www.accomplie.com\/en\/dr-alexander-juengling-ll-m-chicago\/","og_site_name":"Accomplie","article_modified_time":"2024-11-22T19:02:07+00:00","og_image":[{"url":"https:\/\/www.accomplie.com\/wp-content\/uploads\/2024\/07\/6f4d0358-e169-4617-8edf-63fe8bbb5441.png","type":"","width":"","height":""}],"twitter_card":"summary_large_image","twitter_misc":{"Est. reading time":"3 minutes"},"schema":{"@context":"https:\/\/schema.org","@graph":[{"@type":"WebPage","@id":"https:\/\/www.accomplie.com\/en\/dr-alexander-juengling-ll-m-chicago\/","url":"https:\/\/www.accomplie.com\/en\/dr-alexander-juengling-ll-m-chicago\/","name":"Dr. Alexander J\u00fcngling LL.M. (Chicago) - Accomplie","isPartOf":{"@id":"https:\/\/www.accomplie.com\/en\/#website"},"primaryImageOfPage":{"@id":"https:\/\/www.accomplie.com\/en\/dr-alexander-juengling-ll-m-chicago\/#primaryimage"},"image":{"@id":"https:\/\/www.accomplie.com\/en\/dr-alexander-juengling-ll-m-chicago\/#primaryimage"},"thumbnailUrl":"https:\/\/www.accomplie.com\/wp-content\/uploads\/2024\/07\/6f4d0358-e169-4617-8edf-63fe8bbb5441.png","datePublished":"2024-01-27T10:33:16+00:00","dateModified":"2024-11-22T19:02:07+00:00","description":"Alexander J\u00fcngling is an attorney admitted to the Berlin bar and advises companies on issues around corporate governance, ethical management and compliance, as well as board and director liability.","breadcrumb":{"@id":"https:\/\/www.accomplie.com\/en\/dr-alexander-juengling-ll-m-chicago\/#breadcrumb"},"inLanguage":"en-US","potentialAction":[{"@type":"ReadAction","target":["https:\/\/www.accomplie.com\/en\/dr-alexander-juengling-ll-m-chicago\/"]}]},{"@type":"ImageObject","inLanguage":"en-US","@id":"https:\/\/www.accomplie.com\/en\/dr-alexander-juengling-ll-m-chicago\/#primaryimage","url":"https:\/\/www.accomplie.com\/wp-content\/uploads\/2024\/07\/6f4d0358-e169-4617-8edf-63fe8bbb5441.png","contentUrl":"https:\/\/www.accomplie.com\/wp-content\/uploads\/2024\/07\/6f4d0358-e169-4617-8edf-63fe8bbb5441.png"},{"@type":"BreadcrumbList","@id":"https:\/\/www.accomplie.com\/en\/dr-alexander-juengling-ll-m-chicago\/#breadcrumb","itemListElement":[{"@type":"ListItem","position":1,"name":"Startseite","item":"https:\/\/www.accomplie.com\/en\/home\/"},{"@type":"ListItem","position":2,"name":"Dr. Alexander J\u00fcngling LL.M. (Chicago)"}]},{"@type":"WebSite","@id":"https:\/\/www.accomplie.com\/en\/#website","url":"https:\/\/www.accomplie.com\/en\/","name":"Accomplie","description":"Compliance | Sustainability","publisher":{"@id":"https:\/\/www.accomplie.com\/en\/#organization"},"potentialAction":[{"@type":"SearchAction","target":{"@type":"EntryPoint","urlTemplate":"https:\/\/www.accomplie.com\/en\/?s={search_term_string}"},"query-input":{"@type":"PropertyValueSpecification","valueRequired":true,"valueName":"search_term_string"}}],"inLanguage":"en-US"},{"@type":"Organization","@id":"https:\/\/www.accomplie.com\/en\/#organization","name":"Accomplie","url":"https:\/\/www.accomplie.com\/en\/","logo":{"@type":"ImageObject","inLanguage":"en-US","@id":"https:\/\/www.accomplie.com\/en\/#\/schema\/logo\/image\/","url":"https:\/\/www.accomplie.com\/wp-content\/uploads\/2024\/01\/accomplie-logo.svg","contentUrl":"https:\/\/www.accomplie.com\/wp-content\/uploads\/2024\/01\/accomplie-logo.svg","width":400,"height":56,"caption":"Accomplie"},"image":{"@id":"https:\/\/www.accomplie.com\/en\/#\/schema\/logo\/image\/"}}]}},"_links":{"self":[{"href":"https:\/\/www.accomplie.com\/en\/wp-json\/wp\/v2\/pages\/2032","targetHints":{"allow":["GET"]}}],"collection":[{"href":"https:\/\/www.accomplie.com\/en\/wp-json\/wp\/v2\/pages"}],"about":[{"href":"https:\/\/www.accomplie.com\/en\/wp-json\/wp\/v2\/types\/page"}],"author":[{"embeddable":true,"href":"https:\/\/www.accomplie.com\/en\/wp-json\/wp\/v2\/users\/3"}],"replies":[{"embeddable":true,"href":"https:\/\/www.accomplie.com\/en\/wp-json\/wp\/v2\/comments?post=2032"}],"version-history":[{"count":14,"href":"https:\/\/www.accomplie.com\/en\/wp-json\/wp\/v2\/pages\/2032\/revisions"}],"predecessor-version":[{"id":2923,"href":"https:\/\/www.accomplie.com\/en\/wp-json\/wp\/v2\/pages\/2032\/revisions\/2923"}],"wp:attachment":[{"href":"https:\/\/www.accomplie.com\/en\/wp-json\/wp\/v2\/media?parent=2032"}],"curies":[{"name":"wp","href":"https:\/\/api.w.org\/{rel}","templated":true}]}}